{"id":5,"date":"2018-07-17T10:05:07","date_gmt":"2018-07-17T10:05:07","guid":{"rendered":"http:\/\/www.acceleration-lab.com\/agility_it\/?page_id=5"},"modified":"2019-02-06T14:41:47","modified_gmt":"2019-02-06T14:41:47","slug":"agility-assessment","status":"publish","type":"page","link":"https:\/\/www.acceleration-lab.com\/agility_it\/","title":{"rendered":"Agility assessment"},"content":{"rendered":"<p>AccelerationLab SA \u00e8 orgogliosa di darvi il benvenuto sulla piattaforma di valutazione della agilit\u00e0 sistemica. L&#8217;agilit\u00e0 sistemica \u00e8 definita come l&#8217;agilit\u00e0 di un&#8217;organizzazione, delle sue unit\u00e0 e dei suoi processi principali. L&#8217;agilit\u00e0 sistemica di una organizzazione viene misurata combinando il feedback degli individui chiave appartenenti all&#8217;organizzazione stessa.<\/p>\n<p>Se sei stato invitato a partecipare alla valutazione della tua organizzazione, <a href='https:\/\/www.acceleration-lab.com\/agility_it\/qsm_quiz\/agility-assessment-2\/' class=''>clicca qui &#8230;<\/a><\/p>\n<p>Se desideri maggiori informazioni sulla nostra valutazione e sui servizi associati &#8230; contattaci a\u00a0<a href=\"info@accereleration-lab.com\">info@accereleration-lab.com<\/a><\/p>\n<p><span lang=\"IT\">Partecipa al nostro breve test sull&#8217;agilit\u00e0 sistemica per vedere dove si situa la tua organizzazione <a href=\"http:\/\/www.acceleration-lab.com\/agility_it\/systemic-agility-online\/\">clicando cui<\/a>.<\/span><\/p>\n<p>Per vedere come utilizzi le leve dell&#8217;agilit\u00e0 comportamentale, <a href=\"https:\/\/www.acceleration-lab.com\/agility_it\/test\/lagilita-comportamentale-percepita-attivazione-delle-leve\/\">clica cui<\/a>.<\/p>\n","protected":false},"excerpt":{"rendered":"<p>AccelerationLab SA \u00e8 orgogliosa di darvi il benvenuto sulla piattaforma di valutazione della agilit\u00e0 sistemica. L&#8217;agilit\u00e0 sistemica \u00e8 definita come l&#8217;agilit\u00e0 di un&#8217;organizzazione, delle sue unit\u00e0 e dei suoi processi principali. L&#8217;agilit\u00e0 sistemica di una organizzazione viene misurata combinando il feedback degli individui chiave appartenenti all&#8217;organizzazione stessa. Se sei stato invitato a partecipare alla valutazione [&hellip;]<\/p>\n","protected":false},"author":1,"featured_media":0,"parent":0,"menu_order":0,"comment_status":"closed","ping_status":"closed","template":"page-templates\/page_fullwidth.php","meta":[],"_links":{"self":[{"href":"https:\/\/www.acceleration-lab.com\/agility_it\/wp-json\/wp\/v2\/pages\/5"}],"collection":[{"href":"https:\/\/www.acceleration-lab.com\/agility_it\/wp-json\/wp\/v2\/pages"}],"about":[{"href":"https:\/\/www.acceleration-lab.com\/agility_it\/wp-json\/wp\/v2\/types\/page"}],"author":[{"embeddable":true,"href":"https:\/\/www.acceleration-lab.com\/agility_it\/wp-json\/wp\/v2\/users\/1"}],"replies":[{"embeddable":true,"href":"https:\/\/www.acceleration-lab.com\/agility_it\/wp-json\/wp\/v2\/comments?post=5"}],"version-history":[{"count":7,"href":"https:\/\/www.acceleration-lab.com\/agility_it\/wp-json\/wp\/v2\/pages\/5\/revisions"}],"predecessor-version":[{"id":233,"href":"https:\/\/www.acceleration-lab.com\/agility_it\/wp-json\/wp\/v2\/pages\/5\/revisions\/233"}],"wp:attachment":[{"href":"https:\/\/www.acceleration-lab.com\/agility_it\/wp-json\/wp\/v2\/media?parent=5"}],"curies":[{"name":"wp","href":"https:\/\/api.w.org\/{rel}","templated":true}]}}