{"id":96,"date":"2018-08-16T20:14:31","date_gmt":"2018-08-16T20:14:31","guid":{"rendered":"http:\/\/www.acceleration-lab.com\/agility_it\/?page_id=96"},"modified":"2018-10-20T08:10:40","modified_gmt":"2018-10-20T08:10:40","slug":"systemic-agility-online","status":"publish","type":"page","link":"https:\/\/www.acceleration-lab.com\/agility_it\/systemic-agility-online\/","title":{"rendered":"Systemic Agility online"},"content":{"rendered":"<h4><span lang=\"IT\">Valutazione rapida dell\u2019agilit\u00e0 sistemica della vostra organizzazione<\/span><\/h4>\n<p>Misurate rapidamente l&#8217;agilit\u00e0 sistemica all&#8217;interno della vostra organizzazione con la nostra demo di valutazione. Misurerete l&#8217;agilit\u00e0 sistemica nell\u2019ambito di pratiche quali il management, l\u2019organizzazione, il flusso di informazioni, la creazione di uno scopo condiviso ed i comportamenti agili.<\/p>\n<p>Il punteggio di agilit\u00e0 sistemica sar\u00e0 confrontato con l&#8217;effervescenza del vostro contesto. Vi sono 3 possibilit\u00e0:<\/p>\n<ul>\n<li>L&#8217;Agilit\u00e0 sistemica della tua organizzazione si adegua perfettamente alla effervescenza del contesto in cui opera; in questo caso, siete in grado di sperimentare il \u00abFlow\u00bb.<\/li>\n<li>L&#8217;Agilit\u00e0 sistemica della tua organizzazione non \u00e8 adeguata al contesto in cui opera. La tua organizzazione dovrebbe sviluppare uno o pi\u00f9 domini per ripristinare l&#8217;equilibrio e l&#8217;esperienza del &#8220;Flow&#8221;.<\/li>\n<li>L&#8217;Agilit\u00e0 Sistemica della tua organizzazione \u00e8 superiore a quella richiesta dal contesto. In questo caso, l\u2019energia spesa per raggiungere i vostri obiettivi \u00e8 potenzialmente troppo elevata, generando una perdita di efficienza nella \u00a0vostra catena del valore. Tale energia potrebbe essere impiegata altrove, per esempio nell\u2019innovazione.<\/li>\n<\/ul>\n<div class=\"frm_forms  with_frm_style frm_style_formidable-style\" id=\"frm_form_3_container\" >\n<form enctype=\"multipart\/form-data\" method=\"post\" class=\"frm-show-form \" id=\"form_g5b4l\"  >\n<div class=\"frm_form_fields \">\n<fieldset>\n<legend class=\"frm_screen_reader\">Ti ringraziamo se vorrai fornirci i tuoi dettagli prima di iniziare la valutazione<\/legend>\r\n<h3 class=\"frm_form_title\">Ti ringraziamo se vorrai fornirci i tuoi dettagli prima di iniziare la valutazione<\/h3>\r\n<div class=\"frm_fields_container\">\n<input type=\"hidden\" name=\"frm_action\" value=\"create\" \/>\n<input type=\"hidden\" name=\"form_id\" value=\"3\" \/>\n<input type=\"hidden\" name=\"frm_hide_fields_3\" id=\"frm_hide_fields_3\" value=\"\" \/>\n<input type=\"hidden\" name=\"form_key\" value=\"g5b4l\" \/>\n<input type=\"hidden\" name=\"item_meta[0]\" value=\"\" \/>\n<input type=\"hidden\" id=\"frm_submit_entry_3\" name=\"frm_submit_entry_3\" value=\"627d7a54f5\" \/><input type=\"hidden\" name=\"_wp_http_referer\" value=\"\/agility_it\/wp-json\/wp\/v2\/pages\/96\" \/><label for=\"frm_verify_3\" class=\"frm_screen_reader frm_hidden\">If you are human, leave this field blank.<\/label>\n<input type=\"text\" class=\"frm_hidden frm_verify\" id=\"frm_verify_3\" name=\"frm_verify\" value=\"\"  \/>\n<div id=\"frm_field_18_container\" class=\"frm_form_field form-field  frm_required_field frm_top_container\">\r\n    <label for=\"field_gcecq\" class=\"frm_primary_label\">Nome\r\n        <span class=\"frm_required\">*<\/span>\r\n    <\/label>\r\n    <input type=\"text\" id=\"field_gcecq\" name=\"item_meta[18]\" value=\"\"  data-reqmsg=\"This field cannot be blank.\" data-invmsg=\"Text is invalid\"  \/>\r\n    \r\n    \r\n<\/div>\n<div id=\"frm_field_19_container\" class=\"frm_form_field form-field  frm_required_field frm_top_container\">\r\n    <label for=\"field_21w0j\" class=\"frm_primary_label\">Email\r\n        <span class=\"frm_required\">*<\/span>\r\n    <\/label>\r\n    <input type=\"email\" id=\"field_21w0j\" name=\"item_meta[19]\" value=\"\"  data-reqmsg=\"This field cannot be blank.\" data-invmsg=\"Email is invalid\"  \/>\r\n    \r\n    \r\n<\/div>\n<div id=\"frm_field_20_container\" class=\"frm_form_field form-field  frm_required_field frm_top_container\">\r\n    <label for=\"field_49ty3\" class=\"frm_primary_label\">Societ\u00e0\r\n        <span class=\"frm_required\">*<\/span>\r\n    <\/label>\r\n    <input type=\"text\" id=\"field_49ty3\" name=\"item_meta[20]\" value=\"\"  data-reqmsg=\"This field cannot be blank.\" data-invmsg=\"Text is invalid\"  \/>\r\n    \r\n    \r\n<\/div>\n<div id=\"frm_field_21_container\" class=\"frm_form_field form-field  frm_none_container\">\r\n    <label  class=\"frm_primary_label\">reCAPTCHA\r\n        <span class=\"frm_required\"><\/span>\r\n    <\/label>\r\n    <div id=\"field_sfub8\" class=\"g-recaptcha\" data-sitekey=\"6LcrhGkUAAAAAHbn9HeOHKRuZWimUWZfPzgH8J5f\" data-size=\"normal\" data-theme=\"light\"><\/div>\r\n    \r\n    \r\n<\/div>\n<input type=\"hidden\" name=\"item_key\" value=\"\" \/>\n<div class=\"frm_submit\">\r\n\r\n<button class=\"frm_button_submit\" type=\"submit\"  >SUBMIT<\/button>\r\n\r\n<\/div><\/div>\n<\/fieldset>\n<\/div>\n<\/form>\n<\/div>\n\n","protected":false},"excerpt":{"rendered":"<p>Valutazione rapida dell\u2019agilit\u00e0 sistemica della vostra organizzazione Misurate rapidamente l&#8217;agilit\u00e0 sistemica all&#8217;interno della vostra organizzazione con la nostra demo di valutazione. Misurerete l&#8217;agilit\u00e0 sistemica nell\u2019ambito di pratiche quali il management, l\u2019organizzazione, il flusso di informazioni, la creazione di uno scopo condiviso ed i comportamenti agili. Il punteggio di agilit\u00e0 sistemica sar\u00e0 confrontato con l&#8217;effervescenza del [&hellip;]<\/p>\n","protected":false},"author":1,"featured_media":0,"parent":0,"menu_order":0,"comment_status":"closed","ping_status":"closed","template":"","meta":[],"_links":{"self":[{"href":"https:\/\/www.acceleration-lab.com\/agility_it\/wp-json\/wp\/v2\/pages\/96"}],"collection":[{"href":"https:\/\/www.acceleration-lab.com\/agility_it\/wp-json\/wp\/v2\/pages"}],"about":[{"href":"https:\/\/www.acceleration-lab.com\/agility_it\/wp-json\/wp\/v2\/types\/page"}],"author":[{"embeddable":true,"href":"https:\/\/www.acceleration-lab.com\/agility_it\/wp-json\/wp\/v2\/users\/1"}],"replies":[{"embeddable":true,"href":"https:\/\/www.acceleration-lab.com\/agility_it\/wp-json\/wp\/v2\/comments?post=96"}],"version-history":[{"count":3,"href":"https:\/\/www.acceleration-lab.com\/agility_it\/wp-json\/wp\/v2\/pages\/96\/revisions"}],"predecessor-version":[{"id":195,"href":"https:\/\/www.acceleration-lab.com\/agility_it\/wp-json\/wp\/v2\/pages\/96\/revisions\/195"}],"wp:attachment":[{"href":"https:\/\/www.acceleration-lab.com\/agility_it\/wp-json\/wp\/v2\/media?parent=96"}],"curies":[{"name":"wp","href":"https:\/\/api.w.org\/{rel}","templated":true}]}}